{"id":918,"date":"2022-12-29T11:21:23","date_gmt":"2022-12-29T10:21:23","guid":{"rendered":"https:\/\/mobiusgarage.com\/?post_type=product&#038;p=918"},"modified":"2024-01-09T18:37:18","modified_gmt":"2024-01-09T17:37:18","slug":"the-vintage-mobiusmotor-oldyellow","status":"publish","type":"product","link":"https:\/\/mobiusgarage.com\/index.php\/produit\/the-vintage-mobiusmotor-oldyellow\/","title":{"rendered":"The VINTAGE \u00ab\u00a0M\u00f6biusMOTOR\u00a0\u00bb Old Yellow"},"content":{"rendered":"<p><em><strong>The VINTAGE<\/strong> &#8211; <\/em>Le Tee-Shirt Vintage unisexe, coupe droite, en Coton organique effet d\u00e9lav\u00e9.<\/p>\n<ul>\n<li>Jersey de Coton<em> effet vieilli<\/em>, tr\u00e8s doux, l\u00e9ger et agr\u00e9able au toucher<\/li>\n<li>Mod\u00e8le \u00ab\u00a0M\u00f6biusMOTOR\u00a0\u00bb jaune d\u00e9lav\u00e9 <em>Old Yellow<\/em><\/li>\n<li>Impression logo rouge noir repr\u00e9sentant un moteur BMW en cours de modification pour IZARRA, une des cr\u00e9ations motos de S\u00e9bastien Beaup\u00e8re pour M\u00d6BIUS Garage, et grande gagnante du Backyard Project au \u00ab\u00a0Wheels and Waves\u00a0\u00bb Biarritz 2022<\/li>\n<\/ul>\n<p>Coupe droite\u00a0 &#8211; Jersey simple 100% coton biologique fil\u00e9 et peign\u00e9 &#8211; 155 g\/m\u00b2 &#8211; Mixte.<\/p>\n<p>&nbsp;<\/p>\n<p>Toutes les cr\u00e9ations textiles M\u00f6bius Garage sont des pi\u00e8ces uniques, les logos et dessins sont issus de notre collection personnelle. Les mati\u00e8res et teintes choisies se patineront au fil des lavages, et donneront tout son charme Vintage \u00e0 votre v\u00eatement.<\/p>\n<p>&nbsp;<\/p>\n","protected":false},"excerpt":{"rendered":"<p><em><strong>The VINTAGE<\/strong> &#8211; <\/em>Le Tee-Shirt Vintage unisexe, coupe droite, en Coton organique effet d\u00e9lav\u00e9.<\/p>\n<ul>\n<li>Jersey de Coton<em> effet vieilli<\/em>, tr\u00e8s doux, l\u00e9ger et agr\u00e9able au toucher<\/li>\n<li>Mod\u00e8le \u00ab\u00a0M\u00f6biusMOTOR\u00a0\u00bb jaune d\u00e9lav\u00e9 <em>Old Yellow<\/em><\/li>\n<li>Impression logo rouge noir repr\u00e9sentant un moteur BMW en cours de modification pour IZARRA, une des cr\u00e9ations motos de S\u00e9bastien Beaup\u00e8re pour M\u00d6BIUS Garage, et grande gagnante du Backyard Project au \u00ab\u00a0Wheels and Waves\u00a0\u00bb Biarritz 2022<\/li>\n<\/ul>\n<p>Coupe droite\u00a0 &#8211; Jersey simple 100% coton biologique fil\u00e9 et peign\u00e9 &#8211; 155 g\/m\u00b2 &#8211; Mixte.<\/p>\n","protected":false},"featured_media":658,"comment_status":"open","ping_status":"closed","template":"","meta":{"_et_pb_use_builder":"","_et_pb_old_content":"","_et_gb_content_width":""},"product_brand":[],"product_cat":[25,18,34,30,51,53,28,33,40,29],"product_tag":[],"class_list":{"0":"post-918","1":"product","2":"type-product","3":"status-publish","4":"has-post-thumbnail","6":"product_cat-clothing","7":"product_cat-non-classe","8":"product_cat-curry","9":"product_cat-man","10":"product_cat-mobiusmotor","11":"product_cat-old-yellow","12":"product_cat-tee-shirt","13":"product_cat-victoria","14":"product_cat-vintage","15":"product_cat-woman","17":"first","18":"instock","19":"taxable","20":"shipping-taxable","21":"purchasable","22":"product-type-variable"},"_links":{"self":[{"href":"https:\/\/mobiusgarage.com\/index.php\/wp-json\/wp\/v2\/product\/918","targetHints":{"allow":["GET"]}}],"collection":[{"href":"https:\/\/mobiusgarage.com\/index.php\/wp-json\/wp\/v2\/product"}],"about":[{"href":"https:\/\/mobiusgarage.com\/index.php\/wp-json\/wp\/v2\/types\/product"}],"replies":[{"embeddable":true,"href":"https:\/\/mobiusgarage.com\/index.php\/wp-json\/wp\/v2\/comments?post=918"}],"wp:featuredmedia":[{"embeddable":true,"href":"https:\/\/mobiusgarage.com\/index.php\/wp-json\/wp\/v2\/media\/658"}],"wp:attachment":[{"href":"https:\/\/mobiusgarage.com\/index.php\/wp-json\/wp\/v2\/media?parent=918"}],"wp:term":[{"taxonomy":"product_brand","embeddable":true,"href":"https:\/\/mobiusgarage.com\/index.php\/wp-json\/wp\/v2\/product_brand?post=918"},{"taxonomy":"product_cat","embeddable":true,"href":"https:\/\/mobiusgarage.com\/index.php\/wp-json\/wp\/v2\/product_cat?post=918"},{"taxonomy":"product_tag","embeddable":true,"href":"https:\/\/mobiusgarage.com\/index.php\/wp-json\/wp\/v2\/product_tag?post=918"}],"curies":[{"name":"wp","href":"https:\/\/api.w.org\/{rel}","templated":true}]}}