{"id":827,"date":"2022-12-26T23:14:39","date_gmt":"2022-12-26T22:14:39","guid":{"rendered":"https:\/\/mobiusgarage.com\/?post_type=product&#038;p=827"},"modified":"2022-12-29T11:08:10","modified_gmt":"2022-12-29T10:08:10","slug":"the-garage-girl-victoria-combinaison-powder-rose","status":"publish","type":"product","link":"https:\/\/mobiusgarage.com\/index.php\/produit\/the-garage-girl-victoria-combinaison-powder-rose\/","title":{"rendered":"The GARAGE GIRL \u00ab\u00a0VICTORIA\u00a0\u00bb Combinaison Powder Rose"},"content":{"rendered":"<p><em><strong>The GARAGE GIRL <\/strong>\u00a0&#8211; <\/em>La combinaison femme Vintage coupe droite regular, en Coton organique l\u00e9ger<\/p>\n<ul>\n<li>Twill de Coton doux et l\u00e9ger, toucher <em>peau de p\u00eache<\/em><\/li>\n<li>Mod\u00e8le f\u00e9minin, deux grandes poches plaqu\u00e9es devant, et deux poches passepoil\u00e9es au dos<\/li>\n<li>Fermeture par zip devant en m\u00e9tal recycl\u00e9, ceinture amovible<\/li>\n<li>Coloris Rose poudr\u00e9 Powder <em>Rose <\/em>&amp; Impression logo rouge vintage <em>\u00ab\u00a0Victoria\u00a0\u00bb<\/em> clin d&rsquo;oeil \u00e0 la cr\u00e9ation moto de S\u00e9bastien Beaup\u00e8re.<\/li>\n<\/ul>\n<p>Coupe droite regular &#8211; 100% coton biologique fil\u00e9 et peign\u00e9 &#8211; 200 g\/m\u00b2<\/p>\n","protected":false},"excerpt":{"rendered":"<p><em><strong>The GARAGE GIRL <\/strong>\u00a0&#8211; <\/em>La combinaison femme Vintage coupe droite regular, en Coton organique l\u00e9ger<\/p>\n<ul>\n<li>Twill de Coton doux et l\u00e9ger, toucher <em>peau de p\u00eache<\/em><\/li>\n<li>Mod\u00e8le f\u00e9minin, deux grandes poches plaqu\u00e9es devant, et deux poches passepoil\u00e9es au dos<\/li>\n<li>Fermeture par zip devant en m\u00e9tal recycl\u00e9, ceinture amovible<\/li>\n<li>Coloris<em> Rose poudr\u00e9<\/em> &amp; Impression logo rouge vintage <em>\u00ab\u00a0Victoria\u00a0\u00bb<\/em> clin d&rsquo;oeil \u00e0 la cr\u00e9ation moto de S\u00e9bastien Beaup\u00e8re.<\/li>\n<\/ul>\n<p>Coupe droite regular &#8211; 100% coton biologique fil\u00e9 et peign\u00e9 &#8211; 200 g\/m\u00b2<\/p>\n","protected":false},"featured_media":673,"comment_status":"open","ping_status":"closed","template":"","meta":{"_et_pb_use_builder":"","_et_pb_old_content":"","_et_gb_content_width":""},"product_brand":[],"product_cat":[25,18,45,46,29],"product_tag":[],"class_list":{"0":"post-827","1":"product","2":"type-product","3":"status-publish","4":"has-post-thumbnail","6":"product_cat-clothing","7":"product_cat-non-classe","8":"product_cat-combinaison","9":"product_cat-rose-poudre","10":"product_cat-woman","12":"first","13":"instock","14":"taxable","15":"shipping-taxable","16":"purchasable","17":"product-type-variable"},"_links":{"self":[{"href":"https:\/\/mobiusgarage.com\/index.php\/wp-json\/wp\/v2\/product\/827","targetHints":{"allow":["GET"]}}],"collection":[{"href":"https:\/\/mobiusgarage.com\/index.php\/wp-json\/wp\/v2\/product"}],"about":[{"href":"https:\/\/mobiusgarage.com\/index.php\/wp-json\/wp\/v2\/types\/product"}],"replies":[{"embeddable":true,"href":"https:\/\/mobiusgarage.com\/index.php\/wp-json\/wp\/v2\/comments?post=827"}],"wp:featuredmedia":[{"embeddable":true,"href":"https:\/\/mobiusgarage.com\/index.php\/wp-json\/wp\/v2\/media\/673"}],"wp:attachment":[{"href":"https:\/\/mobiusgarage.com\/index.php\/wp-json\/wp\/v2\/media?parent=827"}],"wp:term":[{"taxonomy":"product_brand","embeddable":true,"href":"https:\/\/mobiusgarage.com\/index.php\/wp-json\/wp\/v2\/product_brand?post=827"},{"taxonomy":"product_cat","embeddable":true,"href":"https:\/\/mobiusgarage.com\/index.php\/wp-json\/wp\/v2\/product_cat?post=827"},{"taxonomy":"product_tag","embeddable":true,"href":"https:\/\/mobiusgarage.com\/index.php\/wp-json\/wp\/v2\/product_tag?post=827"}],"curies":[{"name":"wp","href":"https:\/\/api.w.org\/{rel}","templated":true}]}}