{"id":603,"date":"2022-12-26T14:34:02","date_gmt":"2022-12-26T13:34:02","guid":{"rendered":"https:\/\/mobiusgarage.com\/?post_type=product&#038;p=603"},"modified":"2022-12-26T22:05:34","modified_gmt":"2022-12-26T21:05:34","slug":"ultimate-vintage-red","status":"publish","type":"product","link":"https:\/\/mobiusgarage.com\/index.php\/produit\/ultimate-vintage-red\/","title":{"rendered":"The VINTAGE \u00ab\u00a0Ultimate\u00a0\u00bb CrimsonRed"},"content":{"rendered":"<p><em><strong>The VINTAGE<\/strong> &#8211; <\/em>Le Tee-Shirt Vintage unisexe, coupe droite, en Coton organique effet d\u00e9lav\u00e9.<\/p>\n<ul>\n<li>Jersey de Coton<em> effet vieilli<\/em>, tr\u00e8s doux, l\u00e9ger et agr\u00e9able au toucher<\/li>\n<li>Mod\u00e8le \u00ab\u00a0ULTIMATE\u00a0\u00bb Rouge \u00e9clatant <em>CrimsonRed<\/em><\/li>\n<li>Impression logo rouge et cr\u00e8me <em>\u00ab\u00a0M\u00d6BIUS &#8211; The Ultimate Old Timer Twin Garage\u00a0\u00bb<\/em> clin d&rsquo;oeil \u00e0 la passion de S\u00e9bastien Beaup\u00e8re pour les moteurs bi-cylindres anciens.<\/li>\n<\/ul>\n<p>Coupe droite masculine &#8211; Jersey simple 100% coton biologique fil\u00e9 et peign\u00e9 &#8211; 155 g\/m\u00b2 &#8211; Mixte.<\/p>\n","protected":false},"excerpt":{"rendered":"<p><em><strong>The VINTAGE<\/strong> &#8211; <\/em>Le Tee-Shirt Vintage unisexe, coupe droite, en Coton organique effet d\u00e9lav\u00e9.<\/p>\n<ul>\n<li>Jersey de Coton<em> effet vieilli<\/em>, tr\u00e8s doux, l\u00e9ger et agr\u00e9able au toucher<\/li>\n<li>Mod\u00e8le \u00ab\u00a0ULTIMATE\u00a0\u00bb Rouge \u00e9clatant <em>CrimsonRed<\/em><\/li>\n<li>Impression logo rouge et cr\u00e8me <em>\u00ab\u00a0M\u00d6BIUS &#8211; The Ultimate Old Timer Twin Garage\u00a0\u00bb<\/em> clin d&rsquo;oeil \u00e0 la passion de S\u00e9bastien Beaup\u00e8re pour les moteurs bi-cylindres anciens.<\/li>\n<\/ul>\n<p>Coupe droite masculine &#8211; Jersey simple 100% coton biologique fil\u00e9 et peign\u00e9 &#8211; 155 g\/m\u00b2 &#8211; Mixte.<\/p>\n","protected":false},"featured_media":614,"comment_status":"open","ping_status":"closed","template":"","meta":{"_et_pb_use_builder":"","_et_pb_old_content":"","_et_gb_content_width":""},"product_brand":[],"product_cat":[25,18,37,30,28,31,40,29],"product_tag":[],"class_list":{"0":"post-603","1":"product","2":"type-product","3":"status-publish","4":"has-post-thumbnail","6":"product_cat-clothing","7":"product_cat-non-classe","8":"product_cat-crimson-red","9":"product_cat-man","10":"product_cat-tee-shirt","11":"product_cat-ultimate","12":"product_cat-vintage","13":"product_cat-woman","15":"first","16":"outofstock","17":"taxable","18":"shipping-taxable","19":"purchasable","20":"product-type-variable"},"_links":{"self":[{"href":"https:\/\/mobiusgarage.com\/index.php\/wp-json\/wp\/v2\/product\/603","targetHints":{"allow":["GET"]}}],"collection":[{"href":"https:\/\/mobiusgarage.com\/index.php\/wp-json\/wp\/v2\/product"}],"about":[{"href":"https:\/\/mobiusgarage.com\/index.php\/wp-json\/wp\/v2\/types\/product"}],"replies":[{"embeddable":true,"href":"https:\/\/mobiusgarage.com\/index.php\/wp-json\/wp\/v2\/comments?post=603"}],"wp:featuredmedia":[{"embeddable":true,"href":"https:\/\/mobiusgarage.com\/index.php\/wp-json\/wp\/v2\/media\/614"}],"wp:attachment":[{"href":"https:\/\/mobiusgarage.com\/index.php\/wp-json\/wp\/v2\/media?parent=603"}],"wp:term":[{"taxonomy":"product_brand","embeddable":true,"href":"https:\/\/mobiusgarage.com\/index.php\/wp-json\/wp\/v2\/product_brand?post=603"},{"taxonomy":"product_cat","embeddable":true,"href":"https:\/\/mobiusgarage.com\/index.php\/wp-json\/wp\/v2\/product_cat?post=603"},{"taxonomy":"product_tag","embeddable":true,"href":"https:\/\/mobiusgarage.com\/index.php\/wp-json\/wp\/v2\/product_tag?post=603"}],"curies":[{"name":"wp","href":"https:\/\/api.w.org\/{rel}","templated":true}]}}