{"id":564,"date":"2022-12-08T13:47:19","date_gmt":"2022-12-08T12:47:19","guid":{"rendered":"https:\/\/mobiusgarage.com\/?post_type=product&#038;p=564"},"modified":"2022-12-26T22:11:15","modified_gmt":"2022-12-26T21:11:15","slug":"the-classic-victoria-cherry-red","status":"publish","type":"product","link":"https:\/\/mobiusgarage.com\/index.php\/produit\/the-classic-victoria-cherry-red\/","title":{"rendered":"The CLASSIC \u00ab\u00a0Victoria\u00a0\u00bb Cherry Red"},"content":{"rendered":"<p><em><strong>The CLASSIC <\/strong><\/em>&#8211; Le Tee-Shirt Coupe droite iconique, unisexe, en Coton organique \u00e9pais.<\/p>\n<ul>\n<li>Jersey de Coton doux et \u00e9pais, mati\u00e8re au beau tomber pour une belle carrure, sans transparence<\/li>\n<li>Mod\u00e8le \u00ab\u00a0VICTORIA\u00a0\u00bb Rouge fonc\u00e9 <em>Cherry Red<\/em><\/li>\n<li>Impression logo noir repr\u00e9sentant une des cr\u00e9ations motos de S\u00e9bastien Beaup\u00e8re pour M\u00d6BIUS Garage, la BMW <em>VICTORIA<\/em><\/li>\n<\/ul>\n<p>Coupe droite masculine &#8211; Jersey simple 100% coton biologique fil\u00e9 et peign\u00e9 &#8211; 180 g\/m\u00b2 &#8211; Mixte.<\/p>\n<p>&nbsp;<\/p>\n","protected":false},"excerpt":{"rendered":"<p><em><strong>The CLASSIC <\/strong><\/em>&#8211; Le Tee-Shirt Coupe droite iconique, unisexe, en Coton organique \u00e9pais.<\/p>\n<ul>\n<li>Jersey de Coton doux et \u00e9pais, mati\u00e8re au beau tomber pour une belle carrure, sans transparence<\/li>\n<li>Mod\u00e8le \u00ab\u00a0VICTORIA\u00a0\u00bb Rouge fonc\u00e9 <em>Cherry Red<\/em><\/li>\n<li>Impression logo noir repr\u00e9sentant une des cr\u00e9ations motos de S\u00e9bastien Beaup\u00e8re pour M\u00d6BIUS Garage, la BMW <em>VICTORIA<\/em><\/li>\n<\/ul>\n<p>Coupe droite masculine &#8211; Jersey simple 100% coton biologique fil\u00e9 et peign\u00e9 &#8211; 180 g\/m\u00b2 &#8211; Mixte.<\/p>\n","protected":false},"featured_media":571,"comment_status":"open","ping_status":"closed","template":"","meta":{"_et_pb_use_builder":"","_et_pb_old_content":"","_et_gb_content_width":""},"product_brand":[],"product_cat":[25,18,41,39,30,28,33,29],"product_tag":[],"class_list":{"0":"post-564","1":"product","2":"type-product","3":"status-publish","4":"has-post-thumbnail","6":"product_cat-clothing","7":"product_cat-non-classe","8":"product_cat-cherry-red","9":"product_cat-classic","10":"product_cat-man","11":"product_cat-tee-shirt","12":"product_cat-victoria","13":"product_cat-woman","15":"first","16":"outofstock","17":"taxable","18":"shipping-taxable","19":"purchasable","20":"product-type-variable"},"_links":{"self":[{"href":"https:\/\/mobiusgarage.com\/index.php\/wp-json\/wp\/v2\/product\/564","targetHints":{"allow":["GET"]}}],"collection":[{"href":"https:\/\/mobiusgarage.com\/index.php\/wp-json\/wp\/v2\/product"}],"about":[{"href":"https:\/\/mobiusgarage.com\/index.php\/wp-json\/wp\/v2\/types\/product"}],"replies":[{"embeddable":true,"href":"https:\/\/mobiusgarage.com\/index.php\/wp-json\/wp\/v2\/comments?post=564"}],"wp:featuredmedia":[{"embeddable":true,"href":"https:\/\/mobiusgarage.com\/index.php\/wp-json\/wp\/v2\/media\/571"}],"wp:attachment":[{"href":"https:\/\/mobiusgarage.com\/index.php\/wp-json\/wp\/v2\/media?parent=564"}],"wp:term":[{"taxonomy":"product_brand","embeddable":true,"href":"https:\/\/mobiusgarage.com\/index.php\/wp-json\/wp\/v2\/product_brand?post=564"},{"taxonomy":"product_cat","embeddable":true,"href":"https:\/\/mobiusgarage.com\/index.php\/wp-json\/wp\/v2\/product_cat?post=564"},{"taxonomy":"product_tag","embeddable":true,"href":"https:\/\/mobiusgarage.com\/index.php\/wp-json\/wp\/v2\/product_tag?post=564"}],"curies":[{"name":"wp","href":"https:\/\/api.w.org\/{rel}","templated":true}]}}