{"id":556,"date":"2022-12-08T10:02:21","date_gmt":"2022-12-08T09:02:21","guid":{"rendered":"https:\/\/mobiusgarage.com\/?post_type=product&#038;p=556"},"modified":"2022-12-08T16:22:44","modified_gmt":"2022-12-08T15:22:44","slug":"tee-shirt-mobius71-vintage-blanc","status":"publish","type":"product","link":"https:\/\/mobiusgarage.com\/index.php\/produit\/tee-shirt-mobius71-vintage-blanc\/","title":{"rendered":"M\u00d6BIUS71 Woman BLANC"},"content":{"rendered":"<p>Tee Shirt Femme coupe oversized, avec bords de manches retrouss\u00e9s et bas de corps arrondis, plus long derri\u00e8re que devant , Jersey simple, 100% coton bio, fil\u00e9 et peign\u00e9, 155 g\/m\u00b2<\/p>\n<div class=\"pim-row\">MATI\u00c8RE PRINCIPALE: JERSEY SIMPLE, 100% COTON BIOLOGIQUE FIL\u00c9 ET PEIGN\u00c9, TISSU LAV\u00c9, 155 G\/M\u00b2<\/div>\n<div class=\"fit-section\">\n<div class=\"pim-row\"><span class=\"pim-text pim-fit-text\">COUPE OVERSIZED<\/span><\/div>\n<\/div>\n<p>&nbsp;<\/p>\n","protected":false},"excerpt":{"rendered":"<p>Tee Shirt Femme coupe oversized, avec bords de manches retrouss\u00e9s et bas de corps arrondis, plus long derri\u00e8re que devant , Jersey simple, 100% coton bio, fil\u00e9 et peign\u00e9, 155 g\/m\u00b2 MATI\u00c8RE PRINCIPALE: JERSEY SIMPLE, 100% COTON BIOLOGIQUE FIL\u00c9 ET PEIGN\u00c9, TISSU LAV\u00c9, 155 G\/M\u00b2 COUPE OVERSIZED &nbsp;<\/p>\n","protected":false},"featured_media":601,"comment_status":"open","ping_status":"closed","template":"","meta":{"_et_pb_use_builder":"","_et_pb_old_content":"","_et_gb_content_width":""},"product_brand":[],"product_cat":[18,28],"product_tag":[],"class_list":{"0":"post-556","1":"product","2":"type-product","3":"status-publish","4":"has-post-thumbnail","6":"product_cat-non-classe","7":"product_cat-tee-shirt","9":"first","10":"outofstock","11":"taxable","12":"shipping-taxable","13":"purchasable","14":"product-type-variable"},"_links":{"self":[{"href":"https:\/\/mobiusgarage.com\/index.php\/wp-json\/wp\/v2\/product\/556","targetHints":{"allow":["GET"]}}],"collection":[{"href":"https:\/\/mobiusgarage.com\/index.php\/wp-json\/wp\/v2\/product"}],"about":[{"href":"https:\/\/mobiusgarage.com\/index.php\/wp-json\/wp\/v2\/types\/product"}],"replies":[{"embeddable":true,"href":"https:\/\/mobiusgarage.com\/index.php\/wp-json\/wp\/v2\/comments?post=556"}],"wp:featuredmedia":[{"embeddable":true,"href":"https:\/\/mobiusgarage.com\/index.php\/wp-json\/wp\/v2\/media\/601"}],"wp:attachment":[{"href":"https:\/\/mobiusgarage.com\/index.php\/wp-json\/wp\/v2\/media?parent=556"}],"wp:term":[{"taxonomy":"product_brand","embeddable":true,"href":"https:\/\/mobiusgarage.com\/index.php\/wp-json\/wp\/v2\/product_brand?post=556"},{"taxonomy":"product_cat","embeddable":true,"href":"https:\/\/mobiusgarage.com\/index.php\/wp-json\/wp\/v2\/product_cat?post=556"},{"taxonomy":"product_tag","embeddable":true,"href":"https:\/\/mobiusgarage.com\/index.php\/wp-json\/wp\/v2\/product_tag?post=556"}],"curies":[{"name":"wp","href":"https:\/\/api.w.org\/{rel}","templated":true}]}}