{"id":284,"date":"2022-10-03T15:00:43","date_gmt":"2022-10-03T13:00:43","guid":{"rendered":"https:\/\/mobiusgarage.com\/?page_id=284"},"modified":"2022-10-05T16:34:53","modified_gmt":"2022-10-05T14:34:53","slug":"agatha","status":"publish","type":"page","link":"https:\/\/mobiusgarage.com\/index.php\/agatha\/","title":{"rendered":"Agatha"},"content":{"rendered":"<p>[et_pb_section fb_built=\u00a0\u00bb1&Prime; fullwidth=\u00a0\u00bbon\u00a0\u00bb _builder_version=\u00a0\u00bb4.18.0&Prime; _module_preset=\u00a0\u00bbdefault\u00a0\u00bb animation_style=\u00a0\u00bbfade\u00a0\u00bb global_colors_info=\u00a0\u00bb{}\u00a0\u00bb][et_pb_fullwidth_slider _builder_version=\u00a0\u00bb4.18.0&Prime; _module_preset=\u00a0\u00bbdefault\u00a0\u00bb use_background_color_gradient=\u00a0\u00bbon\u00a0\u00bb background_color_gradient_stops=\u00a0\u00bbrgba(0,0,0,0.3) 1%|rgba(0,0,0,0.6) 100%\u00a0\u00bb background_color_gradient_overlays_image=\u00a0\u00bbon\u00a0\u00bb content_width_tablet=\u00a0\u00bb\u00a0\u00bb content_width_phone=\u00a0\u00bb\u00a0\u00bb content_width_last_edited=\u00a0\u00bbon|phone\u00a0\u00bb custom_padding=\u00a0\u00bb100px||100px||true|\u00a0\u00bb global_colors_info=\u00a0\u00bb{}\u00a0\u00bb][et_pb_slide heading=\u00a0\u00bbAgatha\u00a0\u00bb use_bg_overlay=\u00a0\u00bboff\u00a0\u00bb _builder_version=\u00a0\u00bb4.18.0&Prime; _module_preset=\u00a0\u00bbdefault\u00a0\u00bb header_font=\u00a0\u00bbMONOTON|||on|||||\u00a0\u00bb header_font_size=\u00a0\u00bb80px\u00a0\u00bb header_line_height=\u00a0\u00bb1.7em\u00a0\u00bb body_font=\u00a0\u00bbSackers Gothicstd Light||||||||\u00a0\u00bb body_font_size=\u00a0\u00bb18px\u00a0\u00bb background_enable_color=\u00a0\u00bboff\u00a0\u00bb background_image=\u00a0\u00bbhttps:\/\/mobiusgarage.com\/wp-content\/uploads\/2022\/10\/IMG_6642-scaled.jpg\u00a0\u00bb background_enable_image=\u00a0\u00bbon\u00a0\u00bb custom_button=\u00a0\u00bbon\u00a0\u00bb button_border_width=\u00a0\u00bb1px\u00a0\u00bb button_border_radius=\u00a0\u00bb0px\u00a0\u00bb button_letter_spacing=\u00a0\u00bb0px\u00a0\u00bb button_font=\u00a0\u00bbSackers Gothicstd Light|||on|||||\u00a0\u00bb button_on_hover=\u00a0\u00bbon\u00a0\u00bb button_alignment=\u00a0\u00bbcenter\u00a0\u00bb button_custom_padding=\u00a0\u00bb15px||9px||false|false\u00a0\u00bb width=\u00a0\u00bb75%\u00a0\u00bb header_font_size_tablet=\u00a0\u00bb34px\u00a0\u00bb header_font_size_phone=\u00a0\u00bb34px\u00a0\u00bb header_font_size_last_edited=\u00a0\u00bbon|tablet\u00a0\u00bb global_colors_info=\u00a0\u00bb{}\u00a0\u00bb sticky_transition=\u00a0\u00bbon\u00a0\u00bb][\/et_pb_slide][\/et_pb_fullwidth_slider][\/et_pb_section][et_pb_section fb_built=\u00a0\u00bb1&Prime; _builder_version=\u00a0\u00bb4.18.0&Prime; _module_preset=\u00a0\u00bbdefault\u00a0\u00bb global_colors_info=\u00a0\u00bb{}\u00a0\u00bb][et_pb_row column_structure=\u00a0\u00bb1_2,1_2&Prime; _builder_version=\u00a0\u00bb4.18.0&Prime; _module_preset=\u00a0\u00bbdefault\u00a0\u00bb animation_style=\u00a0\u00bbslide\u00a0\u00bb global_colors_info=\u00a0\u00bb{}\u00a0\u00bb][et_pb_column type=\u00a0\u00bb1_2&Prime; _builder_version=\u00a0\u00bb4.18.0&Prime; _module_preset=\u00a0\u00bbdefault\u00a0\u00bb global_colors_info=\u00a0\u00bb{}\u00a0\u00bb][et_pb_slider _builder_version=\u00a0\u00bb4.18.0&Prime; _module_preset=\u00a0\u00bbdefault\u00a0\u00bb custom_padding=\u00a0\u00bb||645px|||\u00a0\u00bb global_colors_info=\u00a0\u00bb{}\u00a0\u00bb][et_pb_slide _builder_version=\u00a0\u00bb4.18.0&Prime; _module_preset=\u00a0\u00bbdefault\u00a0\u00bb background_enable_color=\u00a0\u00bboff\u00a0\u00bb background_image=\u00a0\u00bbhttps:\/\/mobiusgarage.com\/wp-content\/uploads\/2022\/10\/IMG_6642-scaled.jpg\u00a0\u00bb background_enable_image=\u00a0\u00bbon\u00a0\u00bb global_colors_info=\u00a0\u00bb{}\u00a0\u00bb sticky_transition=\u00a0\u00bbon\u00a0\u00bb][\/et_pb_slide][\/et_pb_slider][\/et_pb_column][et_pb_column type=\u00a0\u00bb1_2&Prime; _builder_version=\u00a0\u00bb4.18.0&Prime; _module_preset=\u00a0\u00bbdefault\u00a0\u00bb global_colors_info=\u00a0\u00bb{}\u00a0\u00bb][et_pb_text _builder_version=\u00a0\u00bb4.18.0&Prime; _module_preset=\u00a0\u00bbdefault\u00a0\u00bb text_font=\u00a0\u00bbSackers Gothicstd Light||||||||\u00a0\u00bb text_font_size=\u00a0\u00bb16px\u00a0\u00bb global_colors_info=\u00a0\u00bb{}\u00a0\u00bb]<\/p>\n<h1>Description<\/h1>\n<p>Moto r\u00e9alis\u00e9e en 2010, base de buell XB12 de 2004, c\u2019est une moto issue de la comp\u00e9tition, avec ses 120 ch, j\u2019ai modifi\u00e9 la partie cycle avec une fourche OHLINS de DUCATI 999R, amortisseur arri\u00e8re aussi en OHLINS, freinage radial BREMBO, roues \u00e0 rayons ALPINA\u2026<\/p>\n<p>Pour ce qui de l\u2019esth\u00e9tique, je voulais retrouver un caf\u00e9 racer, lui injecter de l\u2019ADN anglais, avec de l\u2019aluminium et du cuir, un air de NORTON, le couvre r\u00e9servoir reprends les lignes de la MANX, la boucle arri\u00e8re est compl\u00e8tement redessin\u00e9e pour recevoir le cul d\u2019une vraie selle de Manx, comme le saute vent d\u2019origine anglais.<\/p>\n<p>Pour garder l\u2019esprit BUELL et le principe des masses au plus bas, j\u2019ai transform\u00e9 un \u00e9chappement de ZXR en lieu et place de l\u2019\u00e9norme pot d\u2019origine.<\/p>\n<p>Plac\u00e9 d\u2019\u00e9normes \u00e9copes d\u2019entr\u00e9e d\u2019air pour le refroidissement en aluminium, ainsi que des sorties d\u2019air chaud fa\u00e7on tunnel d\u2019extraction de chaque c\u00f4t\u00e9 de l\u2019amortisseur arri\u00e8re pour le prot\u00e9ger.<\/p>\n<p>Moto tr\u00e8s ludique \u00e0 piloter du fait de son empattement tr\u00e8s court et de son centre de gravit\u00e9 tr\u00e8s bas.<br \/>Moto qui ne passe jamais inaper\u00e7ue\u2026<\/p>\n<p>[\/et_pb_text][\/et_pb_column][\/et_pb_row][et_pb_row _builder_version=\u00a0\u00bb4.18.0&Prime; _module_preset=\u00a0\u00bbdefault\u00a0\u00bb global_colors_info=\u00a0\u00bb{}\u00a0\u00bb][et_pb_column type=\u00a0\u00bb4_4&Prime; _builder_version=\u00a0\u00bb4.18.0&Prime; _module_preset=\u00a0\u00bbdefault\u00a0\u00bb global_colors_info=\u00a0\u00bb{}\u00a0\u00bb][et_pb_text _builder_version=\u00a0\u00bb4.18.0&Prime; _module_preset=\u00a0\u00bbdefault\u00a0\u00bb text_font=\u00a0\u00bbSackers Gothicstd Light||||||||\u00a0\u00bb text_font_size=\u00a0\u00bb16px\u00a0\u00bb global_colors_info=\u00a0\u00bb{}\u00a0\u00bb]<\/p>\n<h1>Galerie photo<\/h1>\n<p>[\/et_pb_text][et_pb_slider _builder_version=\u00a0\u00bb4.18.0&Prime; _module_preset=\u00a0\u00bbdefault\u00a0\u00bb custom_padding=\u00a0\u00bb385px||385px||true|\u00a0\u00bb global_colors_info=\u00a0\u00bb{}\u00a0\u00bb][et_pb_slide _builder_version=\u00a0\u00bb4.18.0&Prime; _module_preset=\u00a0\u00bbdefault\u00a0\u00bb background_enable_color=\u00a0\u00bboff\u00a0\u00bb background_image=\u00a0\u00bbhttps:\/\/mobiusgarage.com\/wp-content\/uploads\/2022\/10\/IMG_2366.jpg\u00a0\u00bb background_enable_image=\u00a0\u00bbon\u00a0\u00bb global_colors_info=\u00a0\u00bb{}\u00a0\u00bb sticky_transition=\u00a0\u00bbon\u00a0\u00bb][\/et_pb_slide][et_pb_slide _builder_version=\u00a0\u00bb4.18.0&Prime; _module_preset=\u00a0\u00bbdefault\u00a0\u00bb background_enable_color=\u00a0\u00bboff\u00a0\u00bb background_image=\u00a0\u00bbhttps:\/\/mobiusgarage.com\/wp-content\/uploads\/2022\/10\/IMG_2365.jpg\u00a0\u00bb background_enable_image=\u00a0\u00bbon\u00a0\u00bb global_colors_info=\u00a0\u00bb{}\u00a0\u00bb sticky_transition=\u00a0\u00bbon\u00a0\u00bb][\/et_pb_slide][et_pb_slide _builder_version=\u00a0\u00bb4.18.0&Prime; _module_preset=\u00a0\u00bbdefault\u00a0\u00bb background_enable_color=\u00a0\u00bboff\u00a0\u00bb background_image=\u00a0\u00bbhttps:\/\/mobiusgarage.com\/wp-content\/uploads\/2022\/10\/IMG_1514.jpg\u00a0\u00bb background_enable_image=\u00a0\u00bbon\u00a0\u00bb global_colors_info=\u00a0\u00bb{}\u00a0\u00bb sticky_transition=\u00a0\u00bbon\u00a0\u00bb][\/et_pb_slide][\/et_pb_slider][\/et_pb_column][\/et_pb_row][\/et_pb_section]<\/p>\n","protected":false},"excerpt":{"rendered":"<p>Description Moto r\u00e9alis\u00e9e en 2010, base de buell XB12 de 2004, c\u2019est une moto issue de la comp\u00e9tition, avec ses 120 ch, j\u2019ai modifi\u00e9 la partie cycle avec une fourche OHLINS de DUCATI 999R, amortisseur arri\u00e8re aussi en OHLINS, freinage radial BREMBO, roues \u00e0 rayons ALPINA\u2026 Pour ce qui de l\u2019esth\u00e9tique, je voulais retrouver un [&hellip;]<\/p>\n","protected":false},"author":1,"featured_media":0,"parent":0,"menu_order":0,"comment_status":"closed","ping_status":"closed","template":"","meta":{"_et_pb_use_builder":"on","_et_pb_old_content":"<!-- wp:divi\/placeholder \/-->","_et_gb_content_width":"","footnotes":""},"class_list":["post-284","page","type-page","status-publish","hentry"],"_links":{"self":[{"href":"https:\/\/mobiusgarage.com\/index.php\/wp-json\/wp\/v2\/pages\/284","targetHints":{"allow":["GET"]}}],"collection":[{"href":"https:\/\/mobiusgarage.com\/index.php\/wp-json\/wp\/v2\/pages"}],"about":[{"href":"https:\/\/mobiusgarage.com\/index.php\/wp-json\/wp\/v2\/types\/page"}],"author":[{"embeddable":true,"href":"https:\/\/mobiusgarage.com\/index.php\/wp-json\/wp\/v2\/users\/1"}],"replies":[{"embeddable":true,"href":"https:\/\/mobiusgarage.com\/index.php\/wp-json\/wp\/v2\/comments?post=284"}],"version-history":[{"count":5,"href":"https:\/\/mobiusgarage.com\/index.php\/wp-json\/wp\/v2\/pages\/284\/revisions"}],"predecessor-version":[{"id":468,"href":"https:\/\/mobiusgarage.com\/index.php\/wp-json\/wp\/v2\/pages\/284\/revisions\/468"}],"wp:attachment":[{"href":"https:\/\/mobiusgarage.com\/index.php\/wp-json\/wp\/v2\/media?parent=284"}],"curies":[{"name":"wp","href":"https:\/\/api.w.org\/{rel}","templated":true}]}}