{"id":278,"date":"2022-10-02T17:44:08","date_gmt":"2022-10-02T15:44:08","guid":{"rendered":"https:\/\/mobiusgarage.com\/?page_id=278"},"modified":"2022-10-05T16:26:47","modified_gmt":"2022-10-05T14:26:47","slug":"victoria","status":"publish","type":"page","link":"https:\/\/mobiusgarage.com\/index.php\/victoria\/","title":{"rendered":"Victoria"},"content":{"rendered":"<p>[et_pb_section fb_built=\u00a0\u00bb1&Prime; fullwidth=\u00a0\u00bbon\u00a0\u00bb _builder_version=\u00a0\u00bb4.18.0&Prime; _module_preset=\u00a0\u00bbdefault\u00a0\u00bb animation_style=\u00a0\u00bbfade\u00a0\u00bb global_colors_info=\u00a0\u00bb{}\u00a0\u00bb theme_builder_area=\u00a0\u00bbpost_content\u00a0\u00bb][et_pb_fullwidth_slider _builder_version=\u00a0\u00bb4.18.0&Prime; _module_preset=\u00a0\u00bbdefault\u00a0\u00bb use_background_color_gradient=\u00a0\u00bbon\u00a0\u00bb background_color_gradient_stops=\u00a0\u00bbrgba(0,0,0,0.3) 1%|rgba(0,0,0,0.6) 100%\u00a0\u00bb background_color_gradient_overlays_image=\u00a0\u00bbon\u00a0\u00bb content_width_tablet=\u00a0\u00bb\u00a0\u00bb content_width_phone=\u00a0\u00bb\u00a0\u00bb content_width_last_edited=\u00a0\u00bbon|phone\u00a0\u00bb custom_padding=\u00a0\u00bb100px||100px||true|\u00a0\u00bb hover_enabled=\u00a0\u00bb0&Prime; global_colors_info=\u00a0\u00bb{}\u00a0\u00bb theme_builder_area=\u00a0\u00bbpost_content\u00a0\u00bb sticky_enabled=\u00a0\u00bb0&Prime;][et_pb_slide heading=\u00a0\u00bbVictoria\u00a0\u00bb use_bg_overlay=\u00a0\u00bboff\u00a0\u00bb _builder_version=\u00a0\u00bb4.18.0&Prime; _module_preset=\u00a0\u00bbdefault\u00a0\u00bb header_font=\u00a0\u00bbMONOTON|||on|||||\u00a0\u00bb header_font_size=\u00a0\u00bb80px\u00a0\u00bb header_line_height=\u00a0\u00bb1.7em\u00a0\u00bb body_font=\u00a0\u00bbSackers Gothicstd Light||||||||\u00a0\u00bb body_font_size=\u00a0\u00bb18px\u00a0\u00bb background_enable_color=\u00a0\u00bboff\u00a0\u00bb background_image=\u00a0\u00bbhttps:\/\/mobiusgarage.com\/wp-content\/uploads\/2022\/10\/IMG_1291-scaled.jpg\u00a0\u00bb background_enable_image=\u00a0\u00bbon\u00a0\u00bb custom_button=\u00a0\u00bbon\u00a0\u00bb button_border_width=\u00a0\u00bb1px\u00a0\u00bb button_border_radius=\u00a0\u00bb0px\u00a0\u00bb button_letter_spacing=\u00a0\u00bb0px\u00a0\u00bb button_font=\u00a0\u00bbSackers Gothicstd Light|||on|||||\u00a0\u00bb button_on_hover=\u00a0\u00bbon\u00a0\u00bb button_alignment=\u00a0\u00bbcenter\u00a0\u00bb button_custom_padding=\u00a0\u00bb15px||9px||false|false\u00a0\u00bb width=\u00a0\u00bb75%\u00a0\u00bb hover_enabled=\u00a0\u00bb0&Prime; header_font_size_tablet=\u00a0\u00bb34px\u00a0\u00bb header_font_size_phone=\u00a0\u00bb34px\u00a0\u00bb header_font_size_last_edited=\u00a0\u00bbon|tablet\u00a0\u00bb global_colors_info=\u00a0\u00bb{}\u00a0\u00bb sticky_transition=\u00a0\u00bbon\u00a0\u00bb theme_builder_area=\u00a0\u00bbpost_content\u00a0\u00bb title_text=\u00a0\u00bbIMG_1291&Prime; sticky_enabled=\u00a0\u00bb0&Prime;][\/et_pb_slide][\/et_pb_fullwidth_slider][\/et_pb_section][et_pb_section fb_built=\u00a0\u00bb1&Prime; _builder_version=\u00a0\u00bb4.18.0&Prime; _module_preset=\u00a0\u00bbdefault\u00a0\u00bb global_colors_info=\u00a0\u00bb{}\u00a0\u00bb][et_pb_row column_structure=\u00a0\u00bb1_2,1_2&Prime; _builder_version=\u00a0\u00bb4.18.0&Prime; _module_preset=\u00a0\u00bbdefault\u00a0\u00bb animation_style=\u00a0\u00bbslide\u00a0\u00bb global_colors_info=\u00a0\u00bb{}\u00a0\u00bb][et_pb_column type=\u00a0\u00bb1_2&Prime; _builder_version=\u00a0\u00bb4.18.0&Prime; _module_preset=\u00a0\u00bbdefault\u00a0\u00bb global_colors_info=\u00a0\u00bb{}\u00a0\u00bb][et_pb_slider _builder_version=\u00a0\u00bb4.18.0&Prime; _module_preset=\u00a0\u00bbdefault\u00a0\u00bb custom_padding=\u00a0\u00bb||409px|||\u00a0\u00bb global_colors_info=\u00a0\u00bb{}\u00a0\u00bb][et_pb_slide _builder_version=\u00a0\u00bb4.18.0&Prime; _module_preset=\u00a0\u00bbdefault\u00a0\u00bb background_enable_color=\u00a0\u00bboff\u00a0\u00bb background_image=\u00a0\u00bbhttps:\/\/mobiusgarage.com\/wp-content\/uploads\/2022\/10\/IMG_4698-e1664897647999.jpg\u00a0\u00bb background_enable_image=\u00a0\u00bbon\u00a0\u00bb global_colors_info=\u00a0\u00bb{}\u00a0\u00bb sticky_transition=\u00a0\u00bbon\u00a0\u00bb][\/et_pb_slide][\/et_pb_slider][\/et_pb_column][et_pb_column type=\u00a0\u00bb1_2&Prime; _builder_version=\u00a0\u00bb4.18.0&Prime; _module_preset=\u00a0\u00bbdefault\u00a0\u00bb global_colors_info=\u00a0\u00bb{}\u00a0\u00bb][et_pb_text _builder_version=\u00a0\u00bb4.18.0&Prime; _module_preset=\u00a0\u00bbdefault\u00a0\u00bb text_font=\u00a0\u00bbSackers Gothicstd Light||||||||\u00a0\u00bb text_font_size=\u00a0\u00bb16px\u00a0\u00bb global_colors_info=\u00a0\u00bb{}\u00a0\u00bb]<\/p>\n<h1>Description<\/h1>\n<p>Moto r\u00e9alis\u00e9e en 2012, c\u2019est un m\u00e9lange entre RACER et BOBBER, <br \/>cadre de s\u00e9rie 2, et moteur de 900 sport pr\u00e9par\u00e9\u2026<\/p>\n<p>Fourche springer ZERO raccourcie de 2 pouces, pneu ballons sur jante en 16, et frein avant r\u00e9alis\u00e9 avec un tambour hydraulique de 2CV.<\/p>\n<p>Gros r\u00e9servoir de type Bell en acier, selle messinger suspendue sur un silent bloc, lorsque le pilote est sur la moto, la selle semble disparaitre et le pilote en l\u00e9vitation\u2026<\/p>\n<p>Cette moto a fait le tour du monde et continue sur les r\u00e9seaux \u00e0 faire parler d\u2019elle\u2026<\/p>\n<p>Minimaliste et \u00e0 la fois ramass\u00e9e et terriblement muscl\u00e9e, le phare d\u00e9port\u00e9 lui confirme cette allure brutale\u2026<\/p>\n<p>[\/et_pb_text][\/et_pb_column][\/et_pb_row][et_pb_row _builder_version=\u00a0\u00bb4.18.0&Prime; _module_preset=\u00a0\u00bbdefault\u00a0\u00bb global_colors_info=\u00a0\u00bb{}\u00a0\u00bb][et_pb_column type=\u00a0\u00bb4_4&Prime; _builder_version=\u00a0\u00bb4.18.0&Prime; _module_preset=\u00a0\u00bbdefault\u00a0\u00bb global_colors_info=\u00a0\u00bb{}\u00a0\u00bb][et_pb_text _builder_version=\u00a0\u00bb4.18.0&Prime; _module_preset=\u00a0\u00bbdefault\u00a0\u00bb text_font=\u00a0\u00bbSackers Gothicstd Light||||||||\u00a0\u00bb text_font_size=\u00a0\u00bb16px\u00a0\u00bb global_colors_info=\u00a0\u00bb{}\u00a0\u00bb]<\/p>\n<h1>Galerie photo<\/h1>\n<p>[\/et_pb_text][et_pb_slider _builder_version=\u00a0\u00bb4.18.0&Prime; _module_preset=\u00a0\u00bbdefault\u00a0\u00bb custom_padding=\u00a0\u00bb||506px|||\u00a0\u00bb global_colors_info=\u00a0\u00bb{}\u00a0\u00bb][et_pb_slide _builder_version=\u00a0\u00bb4.18.0&Prime; _module_preset=\u00a0\u00bbdefault\u00a0\u00bb background_enable_color=\u00a0\u00bboff\u00a0\u00bb background_image=\u00a0\u00bbhttps:\/\/mobiusgarage.com\/wp-content\/uploads\/2022\/10\/IMG_4697.jpg\u00a0\u00bb background_enable_image=\u00a0\u00bbon\u00a0\u00bb global_colors_info=\u00a0\u00bb{}\u00a0\u00bb sticky_transition=\u00a0\u00bbon\u00a0\u00bb][\/et_pb_slide][et_pb_slide _builder_version=\u00a0\u00bb4.18.0&Prime; _module_preset=\u00a0\u00bbdefault\u00a0\u00bb background_enable_color=\u00a0\u00bboff\u00a0\u00bb background_image=\u00a0\u00bbhttps:\/\/mobiusgarage.com\/wp-content\/uploads\/2022\/10\/IMG_1291-scaled.jpg\u00a0\u00bb background_enable_image=\u00a0\u00bbon\u00a0\u00bb global_colors_info=\u00a0\u00bb{}\u00a0\u00bb sticky_transition=\u00a0\u00bbon\u00a0\u00bb][\/et_pb_slide][\/et_pb_slider][\/et_pb_column][\/et_pb_row][\/et_pb_section]<\/p>\n","protected":false},"excerpt":{"rendered":"<p>Description Moto r\u00e9alis\u00e9e en 2012, c\u2019est un m\u00e9lange entre RACER et BOBBER, cadre de s\u00e9rie 2, et moteur de 900 sport pr\u00e9par\u00e9\u2026 Fourche springer ZERO raccourcie de 2 pouces, pneu ballons sur jante en 16, et frein avant r\u00e9alis\u00e9 avec un tambour hydraulique de 2CV. Gros r\u00e9servoir de type Bell en acier, selle messinger suspendue [&hellip;]<\/p>\n","protected":false},"author":1,"featured_media":0,"parent":0,"menu_order":0,"comment_status":"closed","ping_status":"closed","template":"","meta":{"_et_pb_use_builder":"on","_et_pb_old_content":"","_et_gb_content_width":"","footnotes":""},"class_list":["post-278","page","type-page","status-publish","hentry"],"_links":{"self":[{"href":"https:\/\/mobiusgarage.com\/index.php\/wp-json\/wp\/v2\/pages\/278","targetHints":{"allow":["GET"]}}],"collection":[{"href":"https:\/\/mobiusgarage.com\/index.php\/wp-json\/wp\/v2\/pages"}],"about":[{"href":"https:\/\/mobiusgarage.com\/index.php\/wp-json\/wp\/v2\/types\/page"}],"author":[{"embeddable":true,"href":"https:\/\/mobiusgarage.com\/index.php\/wp-json\/wp\/v2\/users\/1"}],"replies":[{"embeddable":true,"href":"https:\/\/mobiusgarage.com\/index.php\/wp-json\/wp\/v2\/comments?post=278"}],"version-history":[{"count":9,"href":"https:\/\/mobiusgarage.com\/index.php\/wp-json\/wp\/v2\/pages\/278\/revisions"}],"predecessor-version":[{"id":458,"href":"https:\/\/mobiusgarage.com\/index.php\/wp-json\/wp\/v2\/pages\/278\/revisions\/458"}],"wp:attachment":[{"href":"https:\/\/mobiusgarage.com\/index.php\/wp-json\/wp\/v2\/media?parent=278"}],"curies":[{"name":"wp","href":"https:\/\/api.w.org\/{rel}","templated":true}]}}