{"id":183,"date":"2022-09-14T21:36:30","date_gmt":"2022-09-14T19:36:30","guid":{"rendered":"https:\/\/mobiusgarage.com\/?page_id=183"},"modified":"2025-03-04T11:04:05","modified_gmt":"2025-03-04T10:04:05","slug":"creations","status":"publish","type":"page","link":"https:\/\/mobiusgarage.com\/index.php\/creations\/","title":{"rendered":"Cr\u00e9ations"},"content":{"rendered":"<p>[et_pb_section fb_built=\u00a0\u00bb1&Prime; fullwidth=\u00a0\u00bbon\u00a0\u00bb _builder_version=\u00a0\u00bb4.18.0&Prime; _module_preset=\u00a0\u00bbdefault\u00a0\u00bb animation_style=\u00a0\u00bbfade\u00a0\u00bb global_colors_info=\u00a0\u00bb{}\u00a0\u00bb][et_pb_fullwidth_slider _builder_version=\u00a0\u00bb4.18.0&Prime; _module_preset=\u00a0\u00bbdefault\u00a0\u00bb use_background_color_gradient=\u00a0\u00bbon\u00a0\u00bb background_color_gradient_stops=\u00a0\u00bbrgba(0,0,0,0.3) 1%|rgba(0,0,0,0.6) 100%\u00a0\u00bb background_color_gradient_overlays_image=\u00a0\u00bbon\u00a0\u00bb content_width_tablet=\u00a0\u00bb\u00a0\u00bb content_width_phone=\u00a0\u00bb\u00a0\u00bb content_width_last_edited=\u00a0\u00bbon|phone\u00a0\u00bb custom_padding=\u00a0\u00bb100px||100px||true|\u00a0\u00bb global_colors_info=\u00a0\u00bb{}\u00a0\u00bb][et_pb_slide heading=\u00a0\u00bbCr\u00e9ations\u00a0\u00bb use_bg_overlay=\u00a0\u00bboff\u00a0\u00bb _builder_version=\u00a0\u00bb4.18.0&Prime; _module_preset=\u00a0\u00bbdefault\u00a0\u00bb header_font=\u00a0\u00bbMONOTON|||on|||||\u00a0\u00bb header_font_size=\u00a0\u00bb80px\u00a0\u00bb header_line_height=\u00a0\u00bb1.7em\u00a0\u00bb body_font=\u00a0\u00bbSackers Gothicstd Light||||||||\u00a0\u00bb body_font_size=\u00a0\u00bb18px\u00a0\u00bb background_enable_color=\u00a0\u00bboff\u00a0\u00bb background_image=\u00a0\u00bbhttps:\/\/mobiusgarage.com\/wp-content\/uploads\/2022\/10\/\u00a9DLorrai_072022_SebastienBeaupere-101-scaled.jpg\u00a0\u00bb background_enable_image=\u00a0\u00bbon\u00a0\u00bb custom_button=\u00a0\u00bbon\u00a0\u00bb button_border_width=\u00a0\u00bb1px\u00a0\u00bb button_border_radius=\u00a0\u00bb0px\u00a0\u00bb button_letter_spacing=\u00a0\u00bb0px\u00a0\u00bb button_font=\u00a0\u00bbSackers Gothicstd Light|||on|||||\u00a0\u00bb button_on_hover=\u00a0\u00bbon\u00a0\u00bb button_alignment=\u00a0\u00bbcenter\u00a0\u00bb button_custom_padding=\u00a0\u00bb15px||9px||false|false\u00a0\u00bb width=\u00a0\u00bb75%\u00a0\u00bb header_font_size_tablet=\u00a0\u00bb34px\u00a0\u00bb header_font_size_phone=\u00a0\u00bb34px\u00a0\u00bb header_font_size_last_edited=\u00a0\u00bbon|tablet\u00a0\u00bb global_colors_info=\u00a0\u00bb{}\u00a0\u00bb sticky_transition=\u00a0\u00bbon\u00a0\u00bb][\/et_pb_slide][\/et_pb_fullwidth_slider][\/et_pb_section][et_pb_section fb_built=\u00a0\u00bb1&Prime; _builder_version=\u00a0\u00bb4.18.0&Prime; _module_preset=\u00a0\u00bbdefault\u00a0\u00bb global_colors_info=\u00a0\u00bb{}\u00a0\u00bb][et_pb_row _builder_version=\u00a0\u00bb4.18.0&Prime; _module_preset=\u00a0\u00bbdefault\u00a0\u00bb global_colors_info=\u00a0\u00bb{}\u00a0\u00bb][et_pb_column type=\u00a0\u00bb4_4&Prime; _builder_version=\u00a0\u00bb4.18.0&Prime; _module_preset=\u00a0\u00bbdefault\u00a0\u00bb global_colors_info=\u00a0\u00bb{}\u00a0\u00bb][et_pb_text _builder_version=\u00a0\u00bb4.18.0&Prime; _module_preset=\u00a0\u00bbdefault\u00a0\u00bb text_font=\u00a0\u00bbSackers Gothicstd Light||||||||\u00a0\u00bb text_font_size=\u00a0\u00bb16px\u00a0\u00bb text_orientation=\u00a0\u00bbcenter\u00a0\u00bb global_colors_info=\u00a0\u00bb{}\u00a0\u00bb]<\/p>\n<h1>Des oeuvres uniques !<\/h1>\n<p>&nbsp;<\/p>\n<p>Toutes les motos pr\u00e9sent\u00e9es sont des mod\u00e8les uniques !<\/p>\n<p>[\/et_pb_text][\/et_pb_column][\/et_pb_row][et_pb_row column_structure=\u00a0\u00bb1_3,1_3,1_3&Prime; _builder_version=\u00a0\u00bb4.18.0&Prime; _module_preset=\u00a0\u00bbdefault\u00a0\u00bb max_width=\u00a0\u00bb1920px\u00a0\u00bb global_colors_info=\u00a0\u00bb{}\u00a0\u00bb][et_pb_column type=\u00a0\u00bb1_3&Prime; _builder_version=\u00a0\u00bb4.18.0&Prime; _module_preset=\u00a0\u00bbdefault\u00a0\u00bb global_colors_info=\u00a0\u00bb{}\u00a0\u00bb][et_pb_cta title=\u00a0\u00bbVIOLETTA\u00a0\u00bb _builder_version=\u00a0\u00bb4.27.4&Prime; _dynamic_attributes=\u00a0\u00bblink_option_url\u00a0\u00bb _module_preset=\u00a0\u00bbdefault\u00a0\u00bb header_font=\u00a0\u00bbSackers Gothicstd Light|||on|||||\u00a0\u00bb header_font_size=\u00a0\u00bb20px\u00a0\u00bb body_font=\u00a0\u00bbSackers Gothicstd Light||||||||\u00a0\u00bb background_enable_color=\u00a0\u00bboff\u00a0\u00bb use_background_color_gradient=\u00a0\u00bbon\u00a0\u00bb background_color_gradient_stops=\u00a0\u00bbrgba(0,0,0,0.3) 0%|rgba(0,0,0,0.6) 100%\u00a0\u00bb background_color_gradient_overlays_image=\u00a0\u00bbon\u00a0\u00bb background_image=\u00a0\u00bbhttps:\/\/mobiusgarage.com\/wp-content\/uploads\/2025\/03\/\u00a9DLorrai_2024_Kult_Mobius-8-scaled.jpg\u00a0\u00bb custom_padding=\u00a0\u00bb144px||97px||false|\u00a0\u00bb animation_style=\u00a0\u00bbslide\u00a0\u00bb link_option_url=\u00a0\u00bb@ET-DC@eyJkeW5hbWljIjp0cnVlLCJjb250ZW50IjoicG9zdF9saW5rX3VybF9wYWdlIiwic2V0dGluZ3MiOnsicG9zdF9pZCI6Ijk0MSJ9fQ==@\u00a0\u00bb background_last_edited=\u00a0\u00bbon|desktop\u00a0\u00bb global_colors_info=\u00a0\u00bb{}\u00a0\u00bb background__hover_enabled=\u00a0\u00bbon|hover\u00a0\u00bb use_background_color_gradient__hover=\u00a0\u00bboff\u00a0\u00bb][\/et_pb_cta][et_pb_cta title=\u00a0\u00bbELECTRA\u00a0\u00bb _builder_version=\u00a0\u00bb4.27.4&Prime; _dynamic_attributes=\u00a0\u00bblink_option_url\u00a0\u00bb _module_preset=\u00a0\u00bbdefault\u00a0\u00bb header_font=\u00a0\u00bbSackers Gothicstd Light|||on|||||\u00a0\u00bb header_font_size=\u00a0\u00bb20px\u00a0\u00bb body_font=\u00a0\u00bbSackers Gothicstd Light||||||||\u00a0\u00bb background_enable_color=\u00a0\u00bboff\u00a0\u00bb use_background_color_gradient=\u00a0\u00bbon\u00a0\u00bb background_color_gradient_stops=\u00a0\u00bbrgba(0,0,0,0.3) 0%|rgba(0,0,0,0.6) 100%\u00a0\u00bb background_color_gradient_overlays_image=\u00a0\u00bbon\u00a0\u00bb background_image=\u00a0\u00bbhttps:\/\/mobiusgarage.com\/wp-content\/uploads\/2022\/10\/IMG_0685.jpg\u00a0\u00bb custom_padding=\u00a0\u00bb136px||97px||false|\u00a0\u00bb animation_style=\u00a0\u00bbslide\u00a0\u00bb link_option_url=\u00a0\u00bb@ET-DC@eyJkeW5hbWljIjp0cnVlLCJjb250ZW50IjoicG9zdF9saW5rX3VybF9wYWdlIiwic2V0dGluZ3MiOnsicG9zdF9pZCI6IjI4NiJ9fQ==@\u00a0\u00bb background_last_edited=\u00a0\u00bbon|desktop\u00a0\u00bb global_colors_info=\u00a0\u00bb{}\u00a0\u00bb background__hover_enabled=\u00a0\u00bbon|hover\u00a0\u00bb use_background_color_gradient__hover=\u00a0\u00bboff\u00a0\u00bb][\/et_pb_cta][et_pb_cta title=\u00a0\u00bbVictoria\u00a0\u00bb _builder_version=\u00a0\u00bb4.18.0&Prime; _dynamic_attributes=\u00a0\u00bblink_option_url\u00a0\u00bb _module_preset=\u00a0\u00bbdefault\u00a0\u00bb header_font=\u00a0\u00bbSackers Gothicstd Light|||on|||||\u00a0\u00bb header_font_size=\u00a0\u00bb20px\u00a0\u00bb body_font=\u00a0\u00bbSackers Gothicstd Light||||||||\u00a0\u00bb background_enable_color=\u00a0\u00bboff\u00a0\u00bb use_background_color_gradient=\u00a0\u00bbon\u00a0\u00bb background_color_gradient_stops=\u00a0\u00bbrgba(0,0,0,0.3) 0%|rgba(0,0,0,0.6) 100%\u00a0\u00bb background_color_gradient_overlays_image=\u00a0\u00bbon\u00a0\u00bb background_image=\u00a0\u00bbhttps:\/\/mobiusgarage.com\/wp-content\/uploads\/2022\/08\/486240_4352272043974_2117929419_n.jpeg\u00a0\u00bb custom_padding=\u00a0\u00bb136px||97px||false|\u00a0\u00bb animation_style=\u00a0\u00bbslide\u00a0\u00bb link_option_url=\u00a0\u00bb@ET-DC@eyJkeW5hbWljIjp0cnVlLCJjb250ZW50IjoicG9zdF9saW5rX3VybF9wYWdlIiwic2V0dGluZ3MiOnsicG9zdF9pZCI6IjI3OCJ9fQ==@\u00a0\u00bb background_last_edited=\u00a0\u00bbon|desktop\u00a0\u00bb global_colors_info=\u00a0\u00bb{}\u00a0\u00bb background__hover_enabled=\u00a0\u00bbon|hover\u00a0\u00bb use_background_color_gradient__hover=\u00a0\u00bboff\u00a0\u00bb][\/et_pb_cta][et_pb_cta title=\u00a0\u00bbAUGUSTA\u00a0\u00bb _builder_version=\u00a0\u00bb4.18.0&Prime; _dynamic_attributes=\u00a0\u00bblink_option_url\u00a0\u00bb _module_preset=\u00a0\u00bbdefault\u00a0\u00bb header_font=\u00a0\u00bbSackers Gothicstd Light|||on|||||\u00a0\u00bb header_font_size=\u00a0\u00bb20px\u00a0\u00bb body_font=\u00a0\u00bbSackers Gothicstd Light||||||||\u00a0\u00bb background_enable_color=\u00a0\u00bboff\u00a0\u00bb use_background_color_gradient=\u00a0\u00bbon\u00a0\u00bb background_color_gradient_stops=\u00a0\u00bbrgba(0,0,0,0.3) 0%|rgba(0,0,0,0.6) 100%\u00a0\u00bb background_color_gradient_overlays_image=\u00a0\u00bbon\u00a0\u00bb background_image=\u00a0\u00bbhttps:\/\/mobiusgarage.com\/wp-content\/uploads\/2022\/10\/IMG_1271-scaled.jpg\u00a0\u00bb custom_padding=\u00a0\u00bb136px||97px||false|\u00a0\u00bb animation_style=\u00a0\u00bbslide\u00a0\u00bb link_option_url=\u00a0\u00bb@ET-DC@eyJkeW5hbWljIjp0cnVlLCJjb250ZW50IjoicG9zdF9saW5rX3VybF9wYWdlIiwic2V0dGluZ3MiOnsicG9zdF9pZCI6IjI4OCJ9fQ==@\u00a0\u00bb background_last_edited=\u00a0\u00bbon|desktop\u00a0\u00bb global_colors_info=\u00a0\u00bb{}\u00a0\u00bb background__hover_enabled=\u00a0\u00bbon|hover\u00a0\u00bb use_background_color_gradient__hover=\u00a0\u00bboff\u00a0\u00bb][\/et_pb_cta][\/et_pb_column][et_pb_column type=\u00a0\u00bb1_3&Prime; _builder_version=\u00a0\u00bb4.18.0&Prime; _module_preset=\u00a0\u00bbdefault\u00a0\u00bb global_colors_info=\u00a0\u00bb{}\u00a0\u00bb][et_pb_cta title=\u00a0\u00bbIZARRA\u00a0\u00bb button_url=\u00a0\u00bb@ET-DC@eyJkeW5hbWljIjp0cnVlLCJjb250ZW50IjoicG9zdF9saW5rX3VybF9wYWdlIiwic2V0dGluZ3MiOnsicG9zdF9pZCI6IjI1MCJ9fQ==@\u00a0\u00bb _builder_version=\u00a0\u00bb4.18.0&Prime; _dynamic_attributes=\u00a0\u00bbbutton_url,link_option_url\u00a0\u00bb _module_preset=\u00a0\u00bbdefault\u00a0\u00bb header_font=\u00a0\u00bbSackers Gothicstd Light|||on|||||\u00a0\u00bb header_font_size=\u00a0\u00bb20px\u00a0\u00bb body_font=\u00a0\u00bbSackers Gothicstd Light||||||||\u00a0\u00bb background_enable_color=\u00a0\u00bboff\u00a0\u00bb use_background_color_gradient=\u00a0\u00bbon\u00a0\u00bb background_color_gradient_stops=\u00a0\u00bbrgba(0,0,0,0.3) 0%|rgba(0,0,0,0.6) 100%\u00a0\u00bb background_color_gradient_overlays_image=\u00a0\u00bbon\u00a0\u00bb background_image=\u00a0\u00bbhttps:\/\/mobiusgarage.com\/wp-content\/uploads\/2022\/08\/IMG_5223-scaled.jpg\u00a0\u00bb custom_padding=\u00a0\u00bb136px||97px||false|\u00a0\u00bb animation_style=\u00a0\u00bbslide\u00a0\u00bb link_option_url=\u00a0\u00bb@ET-DC@eyJkeW5hbWljIjp0cnVlLCJjb250ZW50IjoicG9zdF9saW5rX3VybF9wYWdlIiwic2V0dGluZ3MiOnsicG9zdF9pZCI6IjI1MCJ9fQ==@\u00a0\u00bb background_last_edited=\u00a0\u00bbon|desktop\u00a0\u00bb global_colors_info=\u00a0\u00bb{}\u00a0\u00bb background__hover_enabled=\u00a0\u00bbon|hover\u00a0\u00bb use_background_color_gradient__hover=\u00a0\u00bboff\u00a0\u00bb][\/et_pb_cta][et_pb_cta title=\u00a0\u00bbAgatha\u00a0\u00bb _builder_version=\u00a0\u00bb4.18.0&Prime; _dynamic_attributes=\u00a0\u00bblink_option_url\u00a0\u00bb _module_preset=\u00a0\u00bbdefault\u00a0\u00bb header_font=\u00a0\u00bbSackers Gothicstd Light|||on|||||\u00a0\u00bb header_font_size=\u00a0\u00bb20px\u00a0\u00bb body_font=\u00a0\u00bbSackers Gothicstd Light||||||||\u00a0\u00bb background_enable_color=\u00a0\u00bboff\u00a0\u00bb use_background_color_gradient=\u00a0\u00bbon\u00a0\u00bb background_color_gradient_stops=\u00a0\u00bbrgba(0,0,0,0.3) 0%|rgba(0,0,0,0.6) 100%\u00a0\u00bb background_color_gradient_overlays_image=\u00a0\u00bbon\u00a0\u00bb background_image=\u00a0\u00bbhttps:\/\/mobiusgarage.com\/wp-content\/uploads\/2022\/08\/202167_2594802444889_1501003088_o-e1660319884493.jpeg\u00a0\u00bb custom_padding=\u00a0\u00bb136px||97px||false|\u00a0\u00bb animation_style=\u00a0\u00bbslide\u00a0\u00bb link_option_url=\u00a0\u00bb@ET-DC@eyJkeW5hbWljIjp0cnVlLCJjb250ZW50IjoicG9zdF9saW5rX3VybF9wYWdlIiwic2V0dGluZ3MiOnsicG9zdF9pZCI6IjI4NCJ9fQ==@\u00a0\u00bb background_last_edited=\u00a0\u00bbon|desktop\u00a0\u00bb global_colors_info=\u00a0\u00bb{}\u00a0\u00bb background__hover_enabled=\u00a0\u00bbon|hover\u00a0\u00bb use_background_color_gradient__hover=\u00a0\u00bboff\u00a0\u00bb][\/et_pb_cta][et_pb_cta title=\u00a0\u00bbPAULETTE\u00a0\u00bb _builder_version=\u00a0\u00bb4.18.0&Prime; _dynamic_attributes=\u00a0\u00bblink_option_url\u00a0\u00bb _module_preset=\u00a0\u00bbdefault\u00a0\u00bb header_font=\u00a0\u00bbSackers Gothicstd Light|||on|||||\u00a0\u00bb header_font_size=\u00a0\u00bb20px\u00a0\u00bb body_font=\u00a0\u00bbSackers Gothicstd Light||||||||\u00a0\u00bb background_enable_color=\u00a0\u00bboff\u00a0\u00bb use_background_color_gradient=\u00a0\u00bbon\u00a0\u00bb background_color_gradient_stops=\u00a0\u00bbrgba(0,0,0,0.3) 0%|rgba(0,0,0,0.6) 100%\u00a0\u00bb background_color_gradient_overlays_image=\u00a0\u00bbon\u00a0\u00bb background_image=\u00a0\u00bbhttps:\/\/mobiusgarage.com\/wp-content\/uploads\/2022\/10\/IMG_2353-scaled.jpg\u00a0\u00bb custom_padding=\u00a0\u00bb136px||97px||false|\u00a0\u00bb animation_style=\u00a0\u00bbslide\u00a0\u00bb link_option_url=\u00a0\u00bb@ET-DC@eyJkeW5hbWljIjp0cnVlLCJjb250ZW50IjoicG9zdF9saW5rX3VybF9wYWdlIiwic2V0dGluZ3MiOnsicG9zdF9pZCI6IjI5MiJ9fQ==@\u00a0\u00bb background_last_edited=\u00a0\u00bbon|desktop\u00a0\u00bb global_colors_info=\u00a0\u00bb{}\u00a0\u00bb background__hover_enabled=\u00a0\u00bbon|hover\u00a0\u00bb use_background_color_gradient__hover=\u00a0\u00bboff\u00a0\u00bb][\/et_pb_cta][et_pb_cta title=\u00a0\u00bbAUGUSTA\u00a0\u00bb _builder_version=\u00a0\u00bb4.18.0&Prime; _dynamic_attributes=\u00a0\u00bblink_option_url\u00a0\u00bb _module_preset=\u00a0\u00bbdefault\u00a0\u00bb header_font=\u00a0\u00bbSackers Gothicstd Light|||on|||||\u00a0\u00bb header_font_size=\u00a0\u00bb20px\u00a0\u00bb body_font=\u00a0\u00bbSackers Gothicstd Light||||||||\u00a0\u00bb background_enable_color=\u00a0\u00bboff\u00a0\u00bb use_background_color_gradient=\u00a0\u00bbon\u00a0\u00bb background_color_gradient_stops=\u00a0\u00bbrgba(0,0,0,0.3) 0%|rgba(0,0,0,0.6) 100%\u00a0\u00bb background_color_gradient_overlays_image=\u00a0\u00bbon\u00a0\u00bb background_image=\u00a0\u00bbhttps:\/\/mobiusgarage.com\/wp-content\/uploads\/2022\/10\/IMG_1271-scaled.jpg\u00a0\u00bb custom_padding=\u00a0\u00bb136px||97px||false|\u00a0\u00bb animation_style=\u00a0\u00bbslide\u00a0\u00bb link_option_url=\u00a0\u00bb@ET-DC@eyJkeW5hbWljIjp0cnVlLCJjb250ZW50IjoicG9zdF9saW5rX3VybF9wYWdlIiwic2V0dGluZ3MiOnsicG9zdF9pZCI6IjI4OCJ9fQ==@\u00a0\u00bb background_last_edited=\u00a0\u00bbon|desktop\u00a0\u00bb global_colors_info=\u00a0\u00bb{}\u00a0\u00bb background__hover_enabled=\u00a0\u00bbon|hover\u00a0\u00bb use_background_color_gradient__hover=\u00a0\u00bboff\u00a0\u00bb][\/et_pb_cta][\/et_pb_column][et_pb_column type=\u00a0\u00bb1_3&Prime; _builder_version=\u00a0\u00bb4.18.0&Prime; _module_preset=\u00a0\u00bbdefault\u00a0\u00bb global_colors_info=\u00a0\u00bb{}\u00a0\u00bb][et_pb_cta title=\u00a0\u00bbGS700&Prime; _builder_version=\u00a0\u00bb4.18.0&Prime; _dynamic_attributes=\u00a0\u00bblink_option_url\u00a0\u00bb _module_preset=\u00a0\u00bbdefault\u00a0\u00bb header_font=\u00a0\u00bbSackers Gothicstd Light|||on|||||\u00a0\u00bb header_font_size=\u00a0\u00bb20px\u00a0\u00bb body_font=\u00a0\u00bbSackers Gothicstd Light||||||||\u00a0\u00bb background_enable_color=\u00a0\u00bboff\u00a0\u00bb use_background_color_gradient=\u00a0\u00bbon\u00a0\u00bb background_color_gradient_stops=\u00a0\u00bbrgba(0,0,0,0.3) 0%|rgba(0,0,0,0.6) 100%\u00a0\u00bb background_color_gradient_overlays_image=\u00a0\u00bbon\u00a0\u00bb background_image=\u00a0\u00bbhttps:\/\/mobiusgarage.com\/wp-content\/uploads\/2022\/10\/IMG_0685.jpg\u00a0\u00bb custom_padding=\u00a0\u00bb136px||97px||false|\u00a0\u00bb animation_style=\u00a0\u00bbslide\u00a0\u00bb link_option_url=\u00a0\u00bb@ET-DC@eyJkeW5hbWljIjp0cnVlLCJjb250ZW50IjoicG9zdF9saW5rX3VybF9wYWdlIiwic2V0dGluZ3MiOnsicG9zdF9pZCI6IjI4NiJ9fQ==@\u00a0\u00bb background_last_edited=\u00a0\u00bbon|desktop\u00a0\u00bb global_colors_info=\u00a0\u00bb{}\u00a0\u00bb background__hover_enabled=\u00a0\u00bbon|hover\u00a0\u00bb use_background_color_gradient__hover=\u00a0\u00bboff\u00a0\u00bb][\/et_pb_cta][et_pb_cta title=\u00a0\u00bbBIANCA\u00a0\u00bb _builder_version=\u00a0\u00bb4.18.0&Prime; _dynamic_attributes=\u00a0\u00bblink_option_url\u00a0\u00bb _module_preset=\u00a0\u00bbdefault\u00a0\u00bb header_font=\u00a0\u00bbSackers Gothicstd Light|||on|||||\u00a0\u00bb header_font_size=\u00a0\u00bb20px\u00a0\u00bb body_font=\u00a0\u00bbSackers Gothicstd Light||||||||\u00a0\u00bb background_enable_color=\u00a0\u00bboff\u00a0\u00bb use_background_color_gradient=\u00a0\u00bbon\u00a0\u00bb background_color_gradient_stops=\u00a0\u00bbrgba(0,0,0,0.3) 0%|rgba(0,0,0,0.6) 100%\u00a0\u00bb background_color_gradient_overlays_image=\u00a0\u00bbon\u00a0\u00bb background_image=\u00a0\u00bbhttps:\/\/mobiusgarage.com\/wp-content\/uploads\/2022\/10\/2879CBD6-CF08-4BD2-A1B4-A640DF0C04FD-scaled.jpg\u00a0\u00bb custom_padding=\u00a0\u00bb136px||97px||false|\u00a0\u00bb animation_style=\u00a0\u00bbslide\u00a0\u00bb link_option_url=\u00a0\u00bb@ET-DC@eyJkeW5hbWljIjp0cnVlLCJjb250ZW50IjoicG9zdF9saW5rX3VybF9wYWdlIiwic2V0dGluZ3MiOnsicG9zdF9pZCI6IjI5MCJ9fQ==@\u00a0\u00bb background_last_edited=\u00a0\u00bbon|desktop\u00a0\u00bb global_colors_info=\u00a0\u00bb{}\u00a0\u00bb background__hover_enabled=\u00a0\u00bbon|hover\u00a0\u00bb use_background_color_gradient__hover=\u00a0\u00bboff\u00a0\u00bb][\/et_pb_cta][et_pb_cta title=\u00a0\u00bb999R\u00a0\u00bb _builder_version=\u00a0\u00bb4.18.0&Prime; _dynamic_attributes=\u00a0\u00bblink_option_url\u00a0\u00bb _module_preset=\u00a0\u00bbdefault\u00a0\u00bb header_font=\u00a0\u00bbSackers Gothicstd Light|||on|||||\u00a0\u00bb header_font_size=\u00a0\u00bb20px\u00a0\u00bb body_font=\u00a0\u00bbSackers Gothicstd Light||||||||\u00a0\u00bb background_enable_color=\u00a0\u00bboff\u00a0\u00bb use_background_color_gradient=\u00a0\u00bbon\u00a0\u00bb background_color_gradient_stops=\u00a0\u00bbrgba(0,0,0,0.3) 0%|rgba(0,0,0,0.6) 100%\u00a0\u00bb background_color_gradient_overlays_image=\u00a0\u00bbon\u00a0\u00bb background_image=\u00a0\u00bbhttps:\/\/mobiusgarage.com\/wp-content\/uploads\/2022\/10\/IMG_0685.jpg\u00a0\u00bb custom_padding=\u00a0\u00bb136px||97px||false|\u00a0\u00bb animation_style=\u00a0\u00bbslide\u00a0\u00bb link_option_url=\u00a0\u00bb@ET-DC@eyJkeW5hbWljIjp0cnVlLCJjb250ZW50IjoicG9zdF9saW5rX3VybF9wYWdlIiwic2V0dGluZ3MiOnsicG9zdF9pZCI6IjI4NiJ9fQ==@\u00a0\u00bb background_last_edited=\u00a0\u00bbon|desktop\u00a0\u00bb global_colors_info=\u00a0\u00bb{}\u00a0\u00bb background__hover_enabled=\u00a0\u00bbon|hover\u00a0\u00bb use_background_color_gradient__hover=\u00a0\u00bboff\u00a0\u00bb][\/et_pb_cta][\/et_pb_column][\/et_pb_row][\/et_pb_section]<\/p>\n","protected":false},"excerpt":{"rendered":"<p>Des oeuvres uniques ! &nbsp; Toutes les motos pr\u00e9sent\u00e9es sont des mod\u00e8les uniques !<\/p>\n","protected":false},"author":1,"featured_media":0,"parent":0,"menu_order":0,"comment_status":"closed","ping_status":"closed","template":"","meta":{"_et_pb_use_builder":"on","_et_pb_old_content":"<!-- wp:divi\/placeholder \/-->","_et_gb_content_width":"","footnotes":""},"class_list":["post-183","page","type-page","status-publish","hentry"],"_links":{"self":[{"href":"https:\/\/mobiusgarage.com\/index.php\/wp-json\/wp\/v2\/pages\/183","targetHints":{"allow":["GET"]}}],"collection":[{"href":"https:\/\/mobiusgarage.com\/index.php\/wp-json\/wp\/v2\/pages"}],"about":[{"href":"https:\/\/mobiusgarage.com\/index.php\/wp-json\/wp\/v2\/types\/page"}],"author":[{"embeddable":true,"href":"https:\/\/mobiusgarage.com\/index.php\/wp-json\/wp\/v2\/users\/1"}],"replies":[{"embeddable":true,"href":"https:\/\/mobiusgarage.com\/index.php\/wp-json\/wp\/v2\/comments?post=183"}],"version-history":[{"count":28,"href":"https:\/\/mobiusgarage.com\/index.php\/wp-json\/wp\/v2\/pages\/183\/revisions"}],"predecessor-version":[{"id":967,"href":"https:\/\/mobiusgarage.com\/index.php\/wp-json\/wp\/v2\/pages\/183\/revisions\/967"}],"wp:attachment":[{"href":"https:\/\/mobiusgarage.com\/index.php\/wp-json\/wp\/v2\/media?parent=183"}],"curies":[{"name":"wp","href":"https:\/\/api.w.org\/{rel}","templated":true}]}}